{"id":2111,"date":"2025-10-13T19:58:09","date_gmt":"2025-10-13T19:58:09","guid":{"rendered":"https:\/\/www.dehamarine.com\/?page_id=2111"},"modified":"2025-10-16T02:46:40","modified_gmt":"2025-10-15T23:46:40","slug":"hakkimizda","status":"publish","type":"page","link":"https:\/\/www.dehamarine.com\/tr\/hakkimizda\/","title":{"rendered":"Hakk\u0131m\u0131zda"},"content":{"rendered":"\t\t<div data-elementor-type=\"wp-page\" data-elementor-id=\"2111\" class=\"elementor elementor-2111\">\n\t\t\t\t\t\t<section class=\"elementor-section elementor-top-section elementor-element elementor-element-ea8df8c elementor-section-full_width elementor-section-height-default elementor-section-height-default\" data-id=\"ea8df8c\" data-element_type=\"section\" data-e-type=\"section\">\n\t\t\t\t\t\t<div class=\"elementor-container elementor-column-gap-no\">\n\t\t\t\t\t<div class=\"elementor-column elementor-col-100 elementor-top-column elementor-element elementor-element-e82df5b\" data-id=\"e82df5b\" data-element_type=\"column\" data-e-type=\"column\">\n\t\t\t<div class=\"elementor-widget-wrap elementor-element-populated\">\n\t\t\t\t\t\t<div class=\"elementor-element elementor-element-7667ef2 elementor-align-left elementor-widget elementor-widget-bdevs-page-header\" data-id=\"7667ef2\" data-element_type=\"widget\" data-e-type=\"widget\" data-widget_type=\"bdevs-page-header.default\">\n\t\t\t\t<div class=\"elementor-widget-container\">\n\t\t\t\t\t    <div class=\"slider bg-navy-blue bg-scroll pos-rel breadcrumbs-page\" style=\"background: url(https:\/\/www.dehamarine.com\/wp-content\/uploads\/2025\/09\/About-us-slider-foto-scaled.jpg)\">\r\n        <div class=\"container\">\r\n          <nav aria-label=\"breadcrumb\">\r\n            <ol class=\"breadcrumb\">\r\n                              <li class=\"breadcrumb-item\"><a href=\"https:\/\/www.dehamarine.com\/tr\/\"><i class=\"icofont-ship\"><\/i><\/a><\/li>\r\n                                          <li class=\"breadcrumb-item\">Pages<\/li>\r\n                                           <li class=\"breadcrumb-item active\" aria-current=\"page\">Hakk\u0131m\u0131zda<\/li>\r\n                          <\/ol>\r\n          <\/nav>  \r\n\r\n                        <h1>Hakk\u0131m\u0131zda<\/h1>\r\n                                  <div class=\"breadcrumbs-description\">\r\n                Deha Marine, gemi in\u015fas\u0131, denizcilik ve daha geni\u015f end\u00fcstriyel sekt\u00f6rler i\u00e7in yal\u0131t\u0131m,\ndonan\u0131m ve teknik tedarik \u00e7\u00f6z\u00fcmleri sunan uzman bir tedarik\u00e7idir.          <\/div>\r\n                  <\/div>\r\n      <\/div>\r\n    \t\t\t\t<\/div>\n\t\t\t\t<\/div>\n\t\t\t\t\t<\/div>\n\t\t<\/div>\n\t\t\t\t\t<\/div>\n\t\t<\/section>\n\t\t\t\t<section class=\"elementor-section elementor-top-section elementor-element elementor-element-218632e elementor-section-full_width elementor-section-height-default elementor-section-height-default\" data-id=\"218632e\" data-element_type=\"section\" data-e-type=\"section\">\n\t\t\t\t\t\t<div class=\"elementor-container elementor-column-gap-no\">\n\t\t\t\t\t<div class=\"elementor-column elementor-col-100 elementor-top-column elementor-element elementor-element-63d0975\" data-id=\"63d0975\" data-element_type=\"column\" data-e-type=\"column\">\n\t\t\t<div class=\"elementor-widget-wrap elementor-element-populated\">\n\t\t\t\t\t\t<div class=\"elementor-element elementor-element-b11ab3f elementor-widget-divider--view-line_icon elementor-view-default elementor-widget-divider--element-align-center elementor-widget elementor-widget-divider\" data-id=\"b11ab3f\" data-element_type=\"widget\" data-e-type=\"widget\" data-widget_type=\"divider.default\">\n\t\t\t\t\t\t\t<div class=\"elementor-divider\">\n\t\t\t<span class=\"elementor-divider-separator\">\n\t\t\t\t\t\t\t<div class=\"elementor-icon elementor-divider__element\">\n\t\t\t\t\t<svg aria-hidden=\"true\" class=\"e-font-icon-svg e-fas-ship\" viewBox=\"0 0 640 512\" xmlns=\"http:\/\/www.w3.org\/2000\/svg\"><path d=\"M496.616 372.639l70.012-70.012c16.899-16.9 9.942-45.771-12.836-53.092L512 236.102V96c0-17.673-14.327-32-32-32h-64V24c0-13.255-10.745-24-24-24H248c-13.255 0-24 10.745-24 24v40h-64c-17.673 0-32 14.327-32 32v140.102l-41.792 13.433c-22.753 7.313-29.754 36.173-12.836 53.092l70.012 70.012C125.828 416.287 85.587 448 24 448c-13.255 0-24 10.745-24 24v16c0 13.255 10.745 24 24 24 61.023 0 107.499-20.61 143.258-59.396C181.677 487.432 216.021 512 256 512h128c39.979 0 74.323-24.568 88.742-59.396C508.495 491.384 554.968 512 616 512c13.255 0 24-10.745 24-24v-16c0-13.255-10.745-24-24-24-60.817 0-101.542-31.001-119.384-75.361zM192 128h256v87.531l-118.208-37.995a31.995 31.995 0 0 0-19.584 0L192 215.531V128z\"><\/path><\/svg><\/div>\n\t\t\t\t\t\t<\/span>\n\t\t<\/div>\n\t\t\t\t\t\t<\/div>\n\t\t\t\t\t<\/div>\n\t\t<\/div>\n\t\t\t\t\t<\/div>\n\t\t<\/section>\n\t\t<div class=\"elementor-element elementor-element-3a94403 e-grid e-con-boxed e-con e-parent\" data-id=\"3a94403\" data-element_type=\"container\" data-e-type=\"container\" data-settings=\"{&quot;background_background&quot;:&quot;classic&quot;}\">\n\t\t\t\t\t<div class=\"e-con-inner\">\n\t\t\t\t<div class=\"elementor-element elementor-element-6f606b5 elementor-widget elementor-widget-text-editor\" data-id=\"6f606b5\" data-element_type=\"widget\" data-e-type=\"widget\" data-widget_type=\"text-editor.default\">\n\t\t\t\t\t\t\t\t\t<h1 style=\"text-align: center;\"><span style=\"color: #ffffff;\">Vizyonumuz<\/span><\/h1><p><span style=\"color: #ffffff;\">Denizcilik ve gemi in\u015fa sekt\u00f6rlerinde, uluslararas\u0131 standartlar\u0131 kar\u015f\u0131layan yenilik\u00e7i ve s\u00fcrd\u00fcr\u00fclebilir \u00fcr\u00fcn portf\u00f6y\u00fc ile k\u00fcresel \u00f6l\u00e7ekte tan\u0131nan bir tedarik markas\u0131 haline gelmek.<\/span><\/p>\t\t\t\t\t\t\t\t<\/div>\n\t\t\t\t<div class=\"elementor-element elementor-element-0d613c3 elementor-widget elementor-widget-text-editor\" data-id=\"0d613c3\" data-element_type=\"widget\" data-e-type=\"widget\" data-widget_type=\"text-editor.default\">\n\t\t\t\t\t\t\t\t\t<h1 style=\"text-align: center;\"><span style=\"color: #ffffff;\">Misyonumuz<\/span><\/h1><ul><li><p><span style=\"color: #ffffff;\">Sekt\u00f6re IMO\/MED sertifikal\u0131, g\u00fcvenli ve \u00e7evre dostu \u00fcr\u00fcnler sunmak,<\/span><\/p><\/li><li><p><span style=\"color: #ffffff;\">Denizcilik projelerinde konfor, verimlilik ve g\u00fcvenli\u011fi sa\u011flamak,<\/span><\/p><\/li><li><p><span style=\"color: #ffffff;\">\u00c7\u00f6z\u00fcm odakl\u0131, m\u00fc\u015fteri odakl\u0131 ve teknik olarak yetkin bir yakla\u015f\u0131mla i\u015f orta\u011f\u0131 olmak,<\/span><\/p><\/li><li><p><span style=\"color: #ffffff;\">S\u00fcrekli geli\u015fen \u00fcr\u00fcn yelpazesi ve m\u00fchendislik temelli bak\u0131\u015f a\u00e7\u0131s\u0131yla sekt\u00f6re de\u011fer katmak<\/span><\/p><\/li><\/ul>\t\t\t\t\t\t\t\t<\/div>\n\t\t\t\t\t<\/div>\n\t\t\t\t<\/div>\n\t\t<div class=\"elementor-element elementor-element-1183b70 e-grid e-con-boxed e-con e-parent\" data-id=\"1183b70\" data-element_type=\"container\" data-e-type=\"container\" data-settings=\"{&quot;background_background&quot;:&quot;classic&quot;}\">\n\t\t\t\t\t<div class=\"e-con-inner\">\n\t\t\t\t<div class=\"elementor-element elementor-element-275d7fc elementor-align-left elementor-widget elementor-widget-bdevs-about-logzee\" data-id=\"275d7fc\" data-element_type=\"widget\" data-e-type=\"widget\" data-widget_type=\"bdevs-about-logzee.default\">\n\t\t\t\t<div class=\"elementor-widget-container\">\n\t\t\t\t\t    <main id=\"body-content\">\r\n                 \r\n        <section class=\"wide-tb-80\">\r\n          <div class=\"container pos-rel\">\r\n            <div class=\"row align-items-center\">\r\n\r\n              <div class=\"col-md-6 wow fadeInLeft\" data-wow-duration=\"0\" data-wow-delay=\"0s\">            \r\n                                <h2 class=\"mb-4 fw-7 txt-blue\">\r\n                  Marine \r\n                  <span class=\"fw-6 txt-orange\">\u0130zolasyon<\/span>\r\n                <\/h2>\r\n                                                <p>Deha Marine, yang\u0131na dayan\u0131kl\u0131l\u0131k, \u0131s\u0131 ve akustik performans i\u00e7in tasarlanm\u0131\u015f MED\/IMO sertifikal\u0131 denizcilik izolasyon malzemelerinin tedari\u011finde uzmanla\u015fm\u0131\u015ft\u0131r. \u00dcr\u00fcn portf\u00f6y\u00fcm\u00fczde, gemi in\u015fa uygulamalar\u0131na \u00f6zel ; seramik elyaf izolasyon ve yap\u0131 kimyasallar\u0131 yer almaktad\u0131r. Yeni in\u015fa ve bak\u0131m projelerini, uluslararas\u0131 standartlara uygun, g\u00fcvenilir ve y\u00fcksek kaliteli \u00e7\u00f6z\u00fcmlerle desteklenmektedir.<\/p>\r\n                              <\/div>\r\n\r\n                                <div class=\"col-md-6 wow fadeInRight\" data-wow-duration=\"0\" data-wow-delay=\"0s\">\r\n                    <img decoding=\"async\" src=\"https:\/\/www.dehamarine.com\/wp-content\/uploads\/2025\/08\/Ana-Sayfa-Marine-Insulation-scaled.jpg\" alt=\"\">\r\n                <\/div>\r\n                \r\n            <\/div>\r\n            \r\n          <\/div>\r\n        <\/section>\r\n            \t\t\t\t<\/div>\n\t\t\t\t<\/div>\n\t\t\t\t<div class=\"elementor-element elementor-element-e5d1e84 elementor-align-left elementor-widget elementor-widget-bdevs-about-logzee\" data-id=\"e5d1e84\" data-element_type=\"widget\" data-e-type=\"widget\" data-widget_type=\"bdevs-about-logzee.default\">\n\t\t\t\t<div class=\"elementor-widget-container\">\n\t\t\t\t\t    <main id=\"body-content\">\r\n                 \r\n        <section class=\"wide-tb-80\">\r\n          <div class=\"container pos-rel\">\r\n            <div class=\"row align-items-center\">\r\n\r\n              <div class=\"col-md-6 wow fadeInLeft\" data-wow-duration=\"0\" data-wow-delay=\"0s\">            \r\n                                <h2 class=\"mb-4 fw-7 txt-blue\">\r\n                  Marine \r\n                  <span class=\"fw-6 txt-orange\">Mobilya<\/span>\r\n                <\/h2>\r\n                                                <p>MED\/IMO sertifikal\u0131 marine yataklar, koltuklar ve perdelerin \u00fcretimi yap\u0131lmaktad\u0131r. Ayr\u0131ca Deha Marine, yolcu ve m\u00fcrettebat alanlar\u0131na uygun denizcilik zemin uygulamalar\u0131 ve sertifikal\u0131 kaplama malzemeleri sa\u011flamaktad\u0131r. Donat\u0131m \u00e7\u00f6z\u00fcmlerimiz; g\u00fcvenli\u011fi, dayan\u0131kl\u0131l\u0131\u011f\u0131 ve konforu art\u0131racak \u015fekilde hem yeni in\u015fa hem de yenileme projeleri i\u00e7in tasarlanm\u0131\u015ft\u0131r.<\/p>\r\n                              <\/div>\r\n\r\n                                <div class=\"col-md-6 wow fadeInRight\" data-wow-duration=\"0\" data-wow-delay=\"0s\">\r\n                    <img decoding=\"async\" src=\"https:\/\/www.dehamarine.com\/wp-content\/uploads\/2025\/08\/Ana-Sayfa-Marine-Furnishing-scaled.jpg\" alt=\"\">\r\n                <\/div>\r\n                \r\n            <\/div>\r\n            \r\n          <\/div>\r\n        <\/section>\r\n            \t\t\t\t<\/div>\n\t\t\t\t<\/div>\n\t\t\t\t\t<\/div>\n\t\t\t\t<\/div>\n\t\t\t\t<section class=\"elementor-section elementor-top-section elementor-element elementor-element-08a3aa2 elementor-section-full_width elementor-section-height-default elementor-section-height-default\" data-id=\"08a3aa2\" data-element_type=\"section\" data-e-type=\"section\">\n\t\t\t\t\t\t<div class=\"elementor-container elementor-column-gap-default\">\n\t\t\t\t\t<div class=\"elementor-column elementor-col-100 elementor-top-column elementor-element elementor-element-f447a73\" data-id=\"f447a73\" data-element_type=\"column\" data-e-type=\"column\">\n\t\t\t<div class=\"elementor-widget-wrap elementor-element-populated\">\n\t\t\t\t\t\t<div class=\"elementor-element elementor-element-e602e22 elementor-widget-divider--view-line_icon elementor-view-default elementor-widget-divider--element-align-center elementor-widget elementor-widget-divider\" data-id=\"e602e22\" data-element_type=\"widget\" data-e-type=\"widget\" data-widget_type=\"divider.default\">\n\t\t\t\t\t\t\t<div class=\"elementor-divider\">\n\t\t\t<span class=\"elementor-divider-separator\">\n\t\t\t\t\t\t\t<div class=\"elementor-icon elementor-divider__element\">\n\t\t\t\t\t<svg aria-hidden=\"true\" class=\"e-font-icon-svg e-fas-ship\" viewBox=\"0 0 640 512\" xmlns=\"http:\/\/www.w3.org\/2000\/svg\"><path d=\"M496.616 372.639l70.012-70.012c16.899-16.9 9.942-45.771-12.836-53.092L512 236.102V96c0-17.673-14.327-32-32-32h-64V24c0-13.255-10.745-24-24-24H248c-13.255 0-24 10.745-24 24v40h-64c-17.673 0-32 14.327-32 32v140.102l-41.792 13.433c-22.753 7.313-29.754 36.173-12.836 53.092l70.012 70.012C125.828 416.287 85.587 448 24 448c-13.255 0-24 10.745-24 24v16c0 13.255 10.745 24 24 24 61.023 0 107.499-20.61 143.258-59.396C181.677 487.432 216.021 512 256 512h128c39.979 0 74.323-24.568 88.742-59.396C508.495 491.384 554.968 512 616 512c13.255 0 24-10.745 24-24v-16c0-13.255-10.745-24-24-24-60.817 0-101.542-31.001-119.384-75.361zM192 128h256v87.531l-118.208-37.995a31.995 31.995 0 0 0-19.584 0L192 215.531V128z\"><\/path><\/svg><\/div>\n\t\t\t\t\t\t<\/span>\n\t\t<\/div>\n\t\t\t\t\t\t<\/div>\n\t\t\t\t\t<\/div>\n\t\t<\/div>\n\t\t\t\t\t<\/div>\n\t\t<\/section>\n\t\t\t\t<section class=\"elementor-section elementor-top-section elementor-element elementor-element-6a9914f elementor-section-full_width elementor-section-height-default elementor-section-height-default\" data-id=\"6a9914f\" data-element_type=\"section\" data-e-type=\"section\">\n\t\t\t\t\t\t<div class=\"elementor-container elementor-column-gap-no\">\n\t\t\t\t\t<div class=\"elementor-column elementor-col-100 elementor-top-column elementor-element elementor-element-60a0e60\" data-id=\"60a0e60\" data-element_type=\"column\" data-e-type=\"column\">\n\t\t\t<div class=\"elementor-widget-wrap elementor-element-populated\">\n\t\t\t\t\t\t<div class=\"elementor-element elementor-element-11e3d01 elementor-align-left elementor-widget elementor-widget-bdevs-features-4\" data-id=\"11e3d01\" data-element_type=\"widget\" data-e-type=\"widget\" data-widget_type=\"bdevs-features-4.default\">\n\t\t\t\t<div class=\"elementor-widget-container\">\n\t\t\t\t\t    <section class=\"bg-light-gray wide-tb-100 pb-5 why-choose\">\r\n        <div class=\"container pos-rel\">\r\n            <div class=\"row\">\r\n                                <div class=\"col-sm-12 wow fadeInDown\" data-wow-duration=\"0\" data-wow-delay=\"0s\">\r\n                    <h1 class=\"heading-main\">\r\n                                                <span><\/span>\r\n                                                DE\u011eERLER\u0130M\u0130Z                    <\/h1>\r\n                <\/div>\r\n                                              <!-- Icon Box 2 -->\r\n              <div class=\"col-12 col-lg-4 wow fadeInUp\" data-wow-duration=\"0\" data-wow-delay=\"0s\">              \r\n                <div class=\"icon-box-2\">\r\n                  <div class=\"media\">\r\n                                                  <div class=\"service-icon\">\r\n                                <i class=\"icofont-ship\"><\/i>\r\n                            <\/div>\r\n                                                  <div class=\"service-inner-content media-body\">\r\n                                                        <h4 class=\"h4-md\">Kalite<\/h4>\r\n                                                                                    <p>T\u00fcm \u00fcr\u00fcnlerimizde uluslararas\u0131 standartlara uyumlu ve sertifikal\u0131 \u00fcretimi \u00f6n planda tutmaktay\u0131z.<\/p>\r\n                                                  <\/div>\r\n                  <\/div>\r\n                <\/div>              \r\n              <\/div>\r\n              <!-- Icon Box -->\r\n                                              <!-- Icon Box 2 -->\r\n              <div class=\"col-12 col-lg-4 wow fadeInUp\" data-wow-duration=\"0\" data-wow-delay=\"0.2s\">              \r\n                <div class=\"icon-box-2\">\r\n                  <div class=\"media\">\r\n                                                  <div class=\"service-icon\">\r\n                                <i class=\"icofont-ship\"><\/i>\r\n                            <\/div>\r\n                                                  <div class=\"service-inner-content media-body\">\r\n                                                        <h4 class=\"h4-md\">G\u00fcvenilirlik<\/h4>\r\n                                                                                    <p>Tedarik zincirimiz boyunca \u015feffafl\u0131k ve tutarl\u0131l\u0131k sa\u011flar\u0131z, taahh\u00fctlerimizi zaman\u0131nda yerine getirmekteyiz.<\/p>\r\n                                                  <\/div>\r\n                  <\/div>\r\n                <\/div>              \r\n              <\/div>\r\n              <!-- Icon Box -->\r\n                                              <!-- Icon Box 2 -->\r\n              <div class=\"col-12 col-lg-4 wow fadeInUp\" data-wow-duration=\"0\" data-wow-delay=\"0.4s\">              \r\n                <div class=\"icon-box-2\">\r\n                  <div class=\"media\">\r\n                                                  <div class=\"service-icon\">\r\n                                <i class=\"icofont-ship\"><\/i>\r\n                            <\/div>\r\n                                                  <div class=\"service-inner-content media-body\">\r\n                                                        <h4 class=\"h4-md\">S\u00fcrd\u00fcr\u00fclebilirlik<\/h4>\r\n                                                                                    <p>D\u00fc\u015f\u00fck VOC seviyeleri ile uzun \u00f6m\u00fcrl\u00fc, \u00e7evreye duyarl\u0131 \u00e7\u00f6z\u00fcmler sunmaktay\u0131z.<\/p>\r\n                                                  <\/div>\r\n                  <\/div>\r\n                <\/div>              \r\n              <\/div>\r\n              <!-- Icon Box -->\r\n                                              <!-- Icon Box 2 -->\r\n              <div class=\"col-12 col-lg-4 wow fadeInUp\" data-wow-duration=\"0\" data-wow-delay=\"0.6s\">              \r\n                <div class=\"icon-box-2\">\r\n                  <div class=\"media\">\r\n                                                  <div class=\"service-icon\">\r\n                                <i class=\"icofont-ship\"><\/i>\r\n                            <\/div>\r\n                                                  <div class=\"service-inner-content media-body\">\r\n                                                        <h4 class=\"h4-md\">\u0130novasyon<\/h4>\r\n                                                                                    <p>End\u00fcstriyi \u015fekillendiren yeni \u00fcr\u00fcnler geli\u015ftirerek, de\u011fi\u015fen m\u00fc\u015fteri ihtiya\u00e7lar\u0131na cevap vermekteyiz.<\/p>\r\n                                                  <\/div>\r\n                  <\/div>\r\n                <\/div>              \r\n              <\/div>\r\n              <!-- Icon Box -->\r\n                                              <!-- Icon Box 2 -->\r\n              <div class=\"col-12 col-lg-4 wow fadeInUp\" data-wow-duration=\"0\" data-wow-delay=\"0.8s\">              \r\n                <div class=\"icon-box-2\">\r\n                  <div class=\"media\">\r\n                                                  <div class=\"service-icon\">\r\n                                <i class=\"icofont-ship\"><\/i>\r\n                            <\/div>\r\n                                                  <div class=\"service-inner-content media-body\">\r\n                                                        <h4 class=\"h4-md\">\u0130\u015f Birli\u011fi<\/h4>\r\n                                                                                    <p>Tersaneler, m\u00fchendislik firmalar\u0131 ve son kullan\u0131c\u0131larla g\u00fc\u00e7l\u00fc ortakl\u0131klar kurar, projelerde \u00e7\u00f6z\u00fcm orta\u011f\u0131 olarak aktif rol almaktay\u0131z.<\/p>\r\n                                                  <\/div>\r\n                  <\/div>\r\n                <\/div>              \r\n              <\/div>\r\n              <!-- Icon Box -->\r\n                                              \r\n            <\/div>\r\n            \r\n          <\/div>\r\n        <\/section>\r\n    \t\t\t\t<\/div>\n\t\t\t\t<\/div>\n\t\t\t\t\t<\/div>\n\t\t<\/div>\n\t\t\t\t\t<\/div>\n\t\t<\/section>\n\t\t\t\t<section class=\"elementor-section elementor-top-section elementor-element elementor-element-1a04f3c elementor-section-full_width elementor-section-height-default elementor-section-height-default\" data-id=\"1a04f3c\" data-element_type=\"section\" data-e-type=\"section\">\n\t\t\t\t\t\t<div class=\"elementor-container elementor-column-gap-no\">\n\t\t\t\t\t<div class=\"elementor-column elementor-col-100 elementor-top-column elementor-element elementor-element-f00bc24\" data-id=\"f00bc24\" data-element_type=\"column\" data-e-type=\"column\">\n\t\t\t<div class=\"elementor-widget-wrap elementor-element-populated\">\n\t\t\t\t\t\t<div class=\"elementor-element elementor-element-e43880f elementor-widget-divider--view-line_icon elementor-view-default elementor-widget-divider--element-align-center elementor-widget elementor-widget-divider\" data-id=\"e43880f\" data-element_type=\"widget\" data-e-type=\"widget\" data-widget_type=\"divider.default\">\n\t\t\t\t\t\t\t<div class=\"elementor-divider\">\n\t\t\t<span class=\"elementor-divider-separator\">\n\t\t\t\t\t\t\t<div class=\"elementor-icon elementor-divider__element\">\n\t\t\t\t\t<svg aria-hidden=\"true\" class=\"e-font-icon-svg e-fas-ship\" viewBox=\"0 0 640 512\" xmlns=\"http:\/\/www.w3.org\/2000\/svg\"><path d=\"M496.616 372.639l70.012-70.012c16.899-16.9 9.942-45.771-12.836-53.092L512 236.102V96c0-17.673-14.327-32-32-32h-64V24c0-13.255-10.745-24-24-24H248c-13.255 0-24 10.745-24 24v40h-64c-17.673 0-32 14.327-32 32v140.102l-41.792 13.433c-22.753 7.313-29.754 36.173-12.836 53.092l70.012 70.012C125.828 416.287 85.587 448 24 448c-13.255 0-24 10.745-24 24v16c0 13.255 10.745 24 24 24 61.023 0 107.499-20.61 143.258-59.396C181.677 487.432 216.021 512 256 512h128c39.979 0 74.323-24.568 88.742-59.396C508.495 491.384 554.968 512 616 512c13.255 0 24-10.745 24-24v-16c0-13.255-10.745-24-24-24-60.817 0-101.542-31.001-119.384-75.361zM192 128h256v87.531l-118.208-37.995a31.995 31.995 0 0 0-19.584 0L192 215.531V128z\"><\/path><\/svg><\/div>\n\t\t\t\t\t\t<\/span>\n\t\t<\/div>\n\t\t\t\t\t\t<\/div>\n\t\t\t\t\t<\/div>\n\t\t<\/div>\n\t\t\t\t\t<\/div>\n\t\t<\/section>\n\t\t\t\t<\/div>\n\t\t","protected":false},"excerpt":{"rendered":"<p>Pages Hakk\u0131m\u0131zda Hakk\u0131m\u0131zda Deha Marine, gemi in\u015fas\u0131, denizcilik ve daha geni\u015f end\u00fcstriyel sekt\u00f6rler i\u00e7in yal\u0131t\u0131m, donan\u0131m ve teknik tedarik \u00e7\u00f6z\u00fcmleri sunan uzman bir tedarik\u00e7idir. Vizyonumuz Denizcilik ve gemi in\u015fa sekt\u00f6rlerinde, uluslararas\u0131 standartlar\u0131 kar\u015f\u0131layan yenilik\u00e7i ve s\u00fcrd\u00fcr\u00fclebilir \u00fcr\u00fcn portf\u00f6y\u00fc ile k\u00fcresel \u00f6l\u00e7ekte tan\u0131nan bir tedarik markas\u0131 haline gelmek. Misyonumuz Sekt\u00f6re IMO\/MED sertifikal\u0131, g\u00fcvenli ve \u00e7evre dostu [&hellip;]<\/p>\n","protected":false},"author":1,"featured_media":0,"parent":0,"menu_order":0,"comment_status":"closed","ping_status":"closed","template":"page-templates\/home-4.php","meta":{"inline_featured_image":false,"footnotes":""},"class_list":["post-2111","page","type-page","status-publish","hentry"],"aioseo_notices":[],"_links":{"self":[{"href":"https:\/\/www.dehamarine.com\/tr\/wp-json\/wp\/v2\/pages\/2111","targetHints":{"allow":["GET"]}}],"collection":[{"href":"https:\/\/www.dehamarine.com\/tr\/wp-json\/wp\/v2\/pages"}],"about":[{"href":"https:\/\/www.dehamarine.com\/tr\/wp-json\/wp\/v2\/types\/page"}],"author":[{"embeddable":true,"href":"https:\/\/www.dehamarine.com\/tr\/wp-json\/wp\/v2\/users\/1"}],"replies":[{"embeddable":true,"href":"https:\/\/www.dehamarine.com\/tr\/wp-json\/wp\/v2\/comments?post=2111"}],"version-history":[{"count":6,"href":"https:\/\/www.dehamarine.com\/tr\/wp-json\/wp\/v2\/pages\/2111\/revisions"}],"predecessor-version":[{"id":2285,"href":"https:\/\/www.dehamarine.com\/tr\/wp-json\/wp\/v2\/pages\/2111\/revisions\/2285"}],"wp:attachment":[{"href":"https:\/\/www.dehamarine.com\/tr\/wp-json\/wp\/v2\/media?parent=2111"}],"curies":[{"name":"wp","href":"https:\/\/api.w.org\/{rel}","templated":true}]}}