{"id":1682,"date":"2025-09-14T23:49:29","date_gmt":"2025-09-14T23:49:29","guid":{"rendered":"https:\/\/www.dehamarine.com\/?page_id=1682"},"modified":"2025-11-17T10:53:19","modified_gmt":"2025-11-17T07:53:19","slug":"solar-shade-curtain","status":"publish","type":"page","link":"https:\/\/www.dehamarine.com\/tr\/urunler\/marine-furnishing\/solar-shade-curtain\/","title":{"rendered":"Solar Shade Curtain"},"content":{"rendered":"\t\t<div data-elementor-type=\"wp-page\" data-elementor-id=\"1682\" class=\"elementor elementor-1682\">\n\t\t\t\t\t\t<section class=\"elementor-section elementor-top-section elementor-element elementor-element-7370e7dc elementor-section-full_width elementor-section-height-default elementor-section-height-default\" data-id=\"7370e7dc\" data-element_type=\"section\" data-e-type=\"section\">\n\t\t\t\t\t\t<div class=\"elementor-container elementor-column-gap-no\">\n\t\t\t\t\t<div class=\"elementor-column elementor-col-100 elementor-top-column elementor-element elementor-element-4373d848\" data-id=\"4373d848\" data-element_type=\"column\" data-e-type=\"column\">\n\t\t\t<div class=\"elementor-widget-wrap\">\n\t\t\t\t\t\t\t<\/div>\n\t\t<\/div>\n\t\t\t\t\t<\/div>\n\t\t<\/section>\n\t\t\t\t<section class=\"elementor-section elementor-top-section elementor-element elementor-element-304cec97 elementor-section-full_width elementor-section-height-default elementor-section-height-default\" data-id=\"304cec97\" data-element_type=\"section\" data-e-type=\"section\">\n\t\t\t\t\t\t<div class=\"elementor-container elementor-column-gap-no\">\n\t\t\t\t\t<div class=\"elementor-column elementor-col-100 elementor-top-column elementor-element elementor-element-5a380c35\" data-id=\"5a380c35\" data-element_type=\"column\" data-e-type=\"column\">\n\t\t\t<div class=\"elementor-widget-wrap elementor-element-populated\">\n\t\t\t\t\t\t<div class=\"elementor-element elementor-element-4bb7cc86 elementor-align-left elementor-widget elementor-widget-bdevs-page-header\" data-id=\"4bb7cc86\" data-element_type=\"widget\" data-e-type=\"widget\" data-widget_type=\"bdevs-page-header.default\">\n\t\t\t\t<div class=\"elementor-widget-container\">\n\t\t\t\t\t    <div class=\"slider bg-navy-blue bg-scroll pos-rel breadcrumbs-page\" style=\"background: url(https:\/\/www.dehamarine.com\/tr\/wp-content\/uploads\/sites\/3\/2025\/10\/furnishing-scaled.png)\">\r\n        <div class=\"container\">\r\n          <nav aria-label=\"breadcrumb\">\r\n            <ol class=\"breadcrumb\">\r\n                              <li class=\"breadcrumb-item\"><a href=\"https:\/\/www.dehamarine.com\/tr\/\"><i class=\"icofont-home\"><\/i><\/a><\/li>\r\n                                          <li class=\"breadcrumb-item\">Sayfa<\/li>\r\n                                           <li class=\"breadcrumb-item active\" aria-current=\"page\">\u00dcr\u00fcnler<\/li>\r\n                          <\/ol>\r\n          <\/nav>  \r\n\r\n                        <h1>Solar Shade Perde<\/h1>\r\n                                  <div class=\"breadcrumbs-description\">\r\n                Solar Shade Perde          <\/div>\r\n                  <\/div>\r\n      <\/div>\r\n    \t\t\t\t<\/div>\n\t\t\t\t<\/div>\n\t\t\t\t<div class=\"elementor-element elementor-element-2c081a40 elementor-widget-divider--view-line_icon elementor-view-default elementor-widget-divider--element-align-center elementor-widget elementor-widget-divider\" data-id=\"2c081a40\" data-element_type=\"widget\" data-e-type=\"widget\" data-widget_type=\"divider.default\">\n\t\t\t\t\t\t\t<div class=\"elementor-divider\">\n\t\t\t<span class=\"elementor-divider-separator\">\n\t\t\t\t\t\t\t<div class=\"elementor-icon elementor-divider__element\">\n\t\t\t\t\t<svg aria-hidden=\"true\" class=\"e-font-icon-svg e-fas-ship\" viewBox=\"0 0 640 512\" xmlns=\"http:\/\/www.w3.org\/2000\/svg\"><path d=\"M496.616 372.639l70.012-70.012c16.899-16.9 9.942-45.771-12.836-53.092L512 236.102V96c0-17.673-14.327-32-32-32h-64V24c0-13.255-10.745-24-24-24H248c-13.255 0-24 10.745-24 24v40h-64c-17.673 0-32 14.327-32 32v140.102l-41.792 13.433c-22.753 7.313-29.754 36.173-12.836 53.092l70.012 70.012C125.828 416.287 85.587 448 24 448c-13.255 0-24 10.745-24 24v16c0 13.255 10.745 24 24 24 61.023 0 107.499-20.61 143.258-59.396C181.677 487.432 216.021 512 256 512h128c39.979 0 74.323-24.568 88.742-59.396C508.495 491.384 554.968 512 616 512c13.255 0 24-10.745 24-24v-16c0-13.255-10.745-24-24-24-60.817 0-101.542-31.001-119.384-75.361zM192 128h256v87.531l-118.208-37.995a31.995 31.995 0 0 0-19.584 0L192 215.531V128z\"><\/path><\/svg><\/div>\n\t\t\t\t\t\t<\/span>\n\t\t<\/div>\n\t\t\t\t\t\t<\/div>\n\t\t\t\t<div class=\"elementor-element elementor-element-e68959b elementor-widget-divider--view-line_icon elementor-view-default elementor-widget-divider--element-align-center elementor-widget elementor-widget-divider\" data-id=\"e68959b\" data-element_type=\"widget\" data-e-type=\"widget\" data-widget_type=\"divider.default\">\n\t\t\t\t\t\t\t<div class=\"elementor-divider\">\n\t\t\t<span class=\"elementor-divider-separator\">\n\t\t\t\t\t\t\t<div class=\"elementor-icon elementor-divider__element\">\n\t\t\t\t\t<svg aria-hidden=\"true\" class=\"e-font-icon-svg e-fas-ship\" viewBox=\"0 0 640 512\" xmlns=\"http:\/\/www.w3.org\/2000\/svg\"><path d=\"M496.616 372.639l70.012-70.012c16.899-16.9 9.942-45.771-12.836-53.092L512 236.102V96c0-17.673-14.327-32-32-32h-64V24c0-13.255-10.745-24-24-24H248c-13.255 0-24 10.745-24 24v40h-64c-17.673 0-32 14.327-32 32v140.102l-41.792 13.433c-22.753 7.313-29.754 36.173-12.836 53.092l70.012 70.012C125.828 416.287 85.587 448 24 448c-13.255 0-24 10.745-24 24v16c0 13.255 10.745 24 24 24 61.023 0 107.499-20.61 143.258-59.396C181.677 487.432 216.021 512 256 512h128c39.979 0 74.323-24.568 88.742-59.396C508.495 491.384 554.968 512 616 512c13.255 0 24-10.745 24-24v-16c0-13.255-10.745-24-24-24-60.817 0-101.542-31.001-119.384-75.361zM192 128h256v87.531l-118.208-37.995a31.995 31.995 0 0 0-19.584 0L192 215.531V128z\"><\/path><\/svg><\/div>\n\t\t\t\t\t\t<\/span>\n\t\t<\/div>\n\t\t\t\t\t\t<\/div>\n\t\t\t\t\t<\/div>\n\t\t<\/div>\n\t\t\t\t\t<\/div>\n\t\t<\/section>\n\t\t\t\t<section class=\"elementor-section elementor-top-section elementor-element elementor-element-9399ae2 elementor-section-full_width elementor-section-height-default elementor-section-height-default\" data-id=\"9399ae2\" data-element_type=\"section\" data-e-type=\"section\">\n\t\t\t\t\t\t<div class=\"elementor-container elementor-column-gap-no\">\n\t\t\t\t\t<div class=\"elementor-column elementor-col-100 elementor-top-column elementor-element elementor-element-7ff8f3cc\" data-id=\"7ff8f3cc\" data-element_type=\"column\" data-e-type=\"column\">\n\t\t\t<div class=\"elementor-widget-wrap elementor-element-populated\">\n\t\t\t\t<div class=\"elementor-element elementor-element-1210f1bd e-grid e-con-boxed e-con e-parent\" data-id=\"1210f1bd\" data-element_type=\"container\" data-e-type=\"container\">\n\t\t\t\t\t<div class=\"e-con-inner\">\n\t\t\t\t<div class=\"elementor-element elementor-element-7d4b80ed elementor-widget elementor-widget-image\" data-id=\"7d4b80ed\" data-element_type=\"widget\" data-e-type=\"widget\" data-widget_type=\"image.default\">\n\t\t\t\t\t\t\t\t\t\t\t\t\t\t\t<img fetchpriority=\"high\" fetchpriority=\"high\" decoding=\"async\" width=\"768\" height=\"1086\" src=\"https:\/\/www.dehamarine.com\/tr\/wp-content\/uploads\/2025\/08\/Artboard-15-768x1086.png\" class=\"attachment-medium_large size-medium_large wp-image-1507\" alt=\"\" srcset=\"https:\/\/www.dehamarine.com\/tr\/wp-content\/uploads\/2025\/08\/Artboard-15-768x1086.png 768w, https:\/\/www.dehamarine.com\/tr\/wp-content\/uploads\/2025\/08\/Artboard-15-212x300.png 212w, https:\/\/www.dehamarine.com\/tr\/wp-content\/uploads\/2025\/08\/Artboard-15-724x1024.png 724w, https:\/\/www.dehamarine.com\/tr\/wp-content\/uploads\/2025\/08\/Artboard-15-1086x1536.png 1086w, https:\/\/www.dehamarine.com\/tr\/wp-content\/uploads\/2025\/08\/Artboard-15-1448x2048.png 1448w, https:\/\/www.dehamarine.com\/tr\/wp-content\/uploads\/2025\/08\/Artboard-15-scaled.png 1811w\" sizes=\"(max-width: 768px) 100vw, 768px\" \/>\t\t\t\t\t\t\t\t\t\t\t\t\t\t\t<\/div>\n\t\t\t\t<div class=\"elementor-element elementor-element-3e600fca elementor-widget elementor-widget-image\" data-id=\"3e600fca\" data-element_type=\"widget\" data-e-type=\"widget\" data-widget_type=\"image.default\">\n\t\t\t\t\t\t\t\t\t\t\t\t\t\t\t<img decoding=\"async\" width=\"768\" height=\"1086\" src=\"https:\/\/www.dehamarine.com\/tr\/wp-content\/uploads\/2025\/08\/Artboard-14-768x1086.png\" class=\"attachment-medium_large size-medium_large wp-image-1506\" alt=\"\" srcset=\"https:\/\/www.dehamarine.com\/tr\/wp-content\/uploads\/2025\/08\/Artboard-14-768x1086.png 768w, https:\/\/www.dehamarine.com\/tr\/wp-content\/uploads\/2025\/08\/Artboard-14-212x300.png 212w, https:\/\/www.dehamarine.com\/tr\/wp-content\/uploads\/2025\/08\/Artboard-14-724x1024.png 724w, https:\/\/www.dehamarine.com\/tr\/wp-content\/uploads\/2025\/08\/Artboard-14-1086x1536.png 1086w, https:\/\/www.dehamarine.com\/tr\/wp-content\/uploads\/2025\/08\/Artboard-14-1448x2048.png 1448w, https:\/\/www.dehamarine.com\/tr\/wp-content\/uploads\/2025\/08\/Artboard-14-scaled.png 1810w\" sizes=\"(max-width: 768px) 100vw, 768px\" \/>\t\t\t\t\t\t\t\t\t\t\t\t\t\t\t<\/div>\n\t\t\t\t\t<\/div>\n\t\t\t\t<\/div>\n\t\t\t\t<div class=\"elementor-element elementor-element-36416589 elementor-align-left elementor-widget elementor-widget-bdevs-about-logzee\" data-id=\"36416589\" data-element_type=\"widget\" data-e-type=\"widget\" data-widget_type=\"bdevs-about-logzee.default\">\n\t\t\t\t<div class=\"elementor-widget-container\">\n\t\t\t\t\t    <main id=\"body-content\">\r\n                 \r\n        <section class=\"wide-tb-80\">\r\n          <div class=\"container pos-rel\">\r\n            <div class=\"row align-items-center\">\r\n\r\n              <div class=\"col-md-6 wow fadeInLeft\" data-wow-duration=\"0\" data-wow-delay=\"0s\">            \r\n                                <h2 class=\"mb-4 fw-7 txt-blue\">\r\n                  Solar Shade  \r\n                  <span class=\"fw-6 txt-orange\">Perde<\/span>\r\n                <\/h2>\r\n                                                <p>Deha Marine G\u00fcne\u015flik, gemiler i\u00e7in \u00f6zel olarak tasarlanm\u0131\u015f IMO\/MED sertikal\u0131 bir g\u00f6lgelendirme\nsistemidir. Uluslararas\u0131 standartlar\u0131 kar\u015f\u0131layarak her kullan\u0131mda g\u00fcvenlik ve kalite sa\u011flar. Sistem, g\u00fcne\u015f\n\u0131\u015f\u0131\u011f\u0131n\u0131 etkili bir \u015fekilde filtreleyerek UV korumas\u0131 sa\u011flarken, parlamay\u0131 ve yans\u0131may\u0131 azalt\u0131r, m\u00fcrettebat ve\nyolcular i\u00e7in daha g\u00fcvenli ve konforlu bir ortam yarat\u0131r. Konforun \u00f6tesinde, G\u00fcne\u015flik i\u00e7 s\u0131cakl\u0131klar\u0131\ndengeleyerek, klima y\u00fck\u00fcn\u00fc azaltarak ve yak\u0131t tasarrufuna katk\u0131da bulunarak enerji verimlili\u011fini art\u0131r\u0131r.\nSa\u011flam mekanizmas\u0131, en zorlu deniz ko\u015fullar\u0131nda bile uzun \u00f6m\u00fcrl\u00fc dayan\u0131kl\u0131l\u0131k ve g\u00fcvenilir performans\ngaranti eder. IMO\/MED sertikal\u0131 deniz tipi g\u00fcne\u015flik sistemleri arayan tersaneler, gemi sahipleri ve\ni\u015fletmecileri i\u00e7in Deha Marine, g\u00fcvenilir ve yenilik\u00e7i bir \u00e7\u00f6z\u00fcm sunmaktad\u0131r.<\/p>\r\n                              <\/div>\r\n\r\n                \r\n            <\/div>\r\n            \r\n          <\/div>\r\n        <\/section>\r\n            \t\t\t\t<\/div>\n\t\t\t\t<\/div>\n\t\t\t\t\t<\/div>\n\t\t<\/div>\n\t\t\t\t\t<\/div>\n\t\t<\/section>\n\t\t<div class=\"elementor-element elementor-element-5085c14f e-flex e-con-boxed e-con e-parent\" data-id=\"5085c14f\" data-element_type=\"container\" data-e-type=\"container\">\n\t\t\t\t\t<div class=\"e-con-inner\">\n\t\t\t\t<div class=\"elementor-element elementor-element-3e1c75c5 elementor-widget-divider--view-line_icon elementor-view-default elementor-widget-divider--element-align-center elementor-widget elementor-widget-divider\" data-id=\"3e1c75c5\" data-element_type=\"widget\" data-e-type=\"widget\" data-widget_type=\"divider.default\">\n\t\t\t\t\t\t\t<div class=\"elementor-divider\">\n\t\t\t<span class=\"elementor-divider-separator\">\n\t\t\t\t\t\t\t<div class=\"elementor-icon elementor-divider__element\">\n\t\t\t\t\t<svg aria-hidden=\"true\" class=\"e-font-icon-svg e-fas-ship\" viewBox=\"0 0 640 512\" xmlns=\"http:\/\/www.w3.org\/2000\/svg\"><path d=\"M496.616 372.639l70.012-70.012c16.899-16.9 9.942-45.771-12.836-53.092L512 236.102V96c0-17.673-14.327-32-32-32h-64V24c0-13.255-10.745-24-24-24H248c-13.255 0-24 10.745-24 24v40h-64c-17.673 0-32 14.327-32 32v140.102l-41.792 13.433c-22.753 7.313-29.754 36.173-12.836 53.092l70.012 70.012C125.828 416.287 85.587 448 24 448c-13.255 0-24 10.745-24 24v16c0 13.255 10.745 24 24 24 61.023 0 107.499-20.61 143.258-59.396C181.677 487.432 216.021 512 256 512h128c39.979 0 74.323-24.568 88.742-59.396C508.495 491.384 554.968 512 616 512c13.255 0 24-10.745 24-24v-16c0-13.255-10.745-24-24-24-60.817 0-101.542-31.001-119.384-75.361zM192 128h256v87.531l-118.208-37.995a31.995 31.995 0 0 0-19.584 0L192 215.531V128z\"><\/path><\/svg><\/div>\n\t\t\t\t\t\t<\/span>\n\t\t<\/div>\n\t\t\t\t\t\t<\/div>\n\t\t\t\t\t<\/div>\n\t\t\t\t<\/div>\n\t\t\t\t<\/div>\n\t\t","protected":false},"excerpt":{"rendered":"<p>Sayfa \u00dcr\u00fcnler Solar Shade Perde Solar Shade Perde Solar Shade Perde Deha Marine G\u00fcne\u015flik, gemiler i\u00e7in \u00f6zel olarak tasarlanm\u0131\u015f IMO\/MED sertikal\u0131 bir g\u00f6lgelendirme sistemidir. Uluslararas\u0131 standartlar\u0131 kar\u015f\u0131layarak her kullan\u0131mda g\u00fcvenlik ve kalite sa\u011flar. Sistem, g\u00fcne\u015f \u0131\u015f\u0131\u011f\u0131n\u0131 etkili bir \u015fekilde filtreleyerek UV korumas\u0131 sa\u011flarken, parlamay\u0131 ve yans\u0131may\u0131 azalt\u0131r, m\u00fcrettebat ve yolcular i\u00e7in daha g\u00fcvenli ve konforlu [&hellip;]<\/p>\n","protected":false},"author":1,"featured_media":0,"parent":1367,"menu_order":0,"comment_status":"closed","ping_status":"closed","template":"page-templates\/home-4.php","meta":{"inline_featured_image":false,"footnotes":""},"class_list":["post-1682","page","type-page","status-publish","hentry"],"aioseo_notices":[],"_links":{"self":[{"href":"https:\/\/www.dehamarine.com\/tr\/wp-json\/wp\/v2\/pages\/1682","targetHints":{"allow":["GET"]}}],"collection":[{"href":"https:\/\/www.dehamarine.com\/tr\/wp-json\/wp\/v2\/pages"}],"about":[{"href":"https:\/\/www.dehamarine.com\/tr\/wp-json\/wp\/v2\/types\/page"}],"author":[{"embeddable":true,"href":"https:\/\/www.dehamarine.com\/tr\/wp-json\/wp\/v2\/users\/1"}],"replies":[{"embeddable":true,"href":"https:\/\/www.dehamarine.com\/tr\/wp-json\/wp\/v2\/comments?post=1682"}],"version-history":[{"count":6,"href":"https:\/\/www.dehamarine.com\/tr\/wp-json\/wp\/v2\/pages\/1682\/revisions"}],"predecessor-version":[{"id":2408,"href":"https:\/\/www.dehamarine.com\/tr\/wp-json\/wp\/v2\/pages\/1682\/revisions\/2408"}],"up":[{"embeddable":true,"href":"https:\/\/www.dehamarine.com\/tr\/wp-json\/wp\/v2\/pages\/1367"}],"wp:attachment":[{"href":"https:\/\/www.dehamarine.com\/tr\/wp-json\/wp\/v2\/media?parent=1682"}],"curies":[{"name":"wp","href":"https:\/\/api.w.org\/{rel}","templated":true}]}}