{"id":1367,"date":"2025-08-19T10:59:54","date_gmt":"2025-08-19T10:59:54","guid":{"rendered":"https:\/\/www.dehamarine.com\/?page_id=1367"},"modified":"2025-10-20T09:53:42","modified_gmt":"2025-10-20T06:53:42","slug":"marine-furnishing","status":"publish","type":"page","link":"https:\/\/www.dehamarine.com\/tr\/urunler\/marine-furnishing\/","title":{"rendered":"Marine Mobilya"},"content":{"rendered":"\t\t<div data-elementor-type=\"wp-page\" data-elementor-id=\"1367\" class=\"elementor elementor-1367\">\n\t\t\t\t\t\t<section class=\"elementor-section elementor-top-section elementor-element elementor-element-5d16e164 elementor-section-full_width elementor-section-height-default elementor-section-height-default\" data-id=\"5d16e164\" data-element_type=\"section\" data-e-type=\"section\">\n\t\t\t\t\t\t<div class=\"elementor-container elementor-column-gap-no\">\n\t\t\t\t\t<div class=\"elementor-column elementor-col-100 elementor-top-column elementor-element elementor-element-3db2e067\" data-id=\"3db2e067\" data-element_type=\"column\" data-e-type=\"column\">\n\t\t\t<div class=\"elementor-widget-wrap\">\n\t\t\t\t\t\t\t<\/div>\n\t\t<\/div>\n\t\t\t\t\t<\/div>\n\t\t<\/section>\n\t\t\t\t<section class=\"elementor-section elementor-top-section elementor-element elementor-element-581a7b39 elementor-section-full_width elementor-section-height-default elementor-section-height-default\" data-id=\"581a7b39\" data-element_type=\"section\" data-e-type=\"section\">\n\t\t\t\t\t\t<div class=\"elementor-container elementor-column-gap-no\">\n\t\t\t\t\t<div class=\"elementor-column elementor-col-100 elementor-top-column elementor-element elementor-element-32fe18f5\" data-id=\"32fe18f5\" data-element_type=\"column\" data-e-type=\"column\">\n\t\t\t<div class=\"elementor-widget-wrap elementor-element-populated\">\n\t\t\t\t\t\t<div class=\"elementor-element elementor-element-2f4572dd elementor-align-left elementor-widget elementor-widget-bdevs-page-header\" data-id=\"2f4572dd\" data-element_type=\"widget\" data-e-type=\"widget\" data-widget_type=\"bdevs-page-header.default\">\n\t\t\t\t<div class=\"elementor-widget-container\">\n\t\t\t\t\t    <div class=\"slider bg-navy-blue bg-scroll pos-rel breadcrumbs-page\" style=\"background: url(https:\/\/www.dehamarine.com\/wp-content\/uploads\/2025\/08\/marina.png)\">\r\n        <div class=\"container\">\r\n          <nav aria-label=\"breadcrumb\">\r\n            <ol class=\"breadcrumb\">\r\n                              <li class=\"breadcrumb-item\"><a href=\"https:\/\/www.dehamarine.com\/tr\/\"><i class=\"icofont-home\"><\/i><\/a><\/li>\r\n                                          <li class=\"breadcrumb-item\">Sayfa<\/li>\r\n                                           <li class=\"breadcrumb-item active\" aria-current=\"page\">\u00dcr\u00fcnler<\/li>\r\n                          <\/ol>\r\n          <\/nav>  \r\n\r\n                        <h1>MARINE MOB\u0130LYA<\/h1>\r\n                                  <div class=\"breadcrumbs-description\">\r\n                Deha Marine'in d\u00f6\u015feme \u00fcr\u00fcn yelpazesi, denizde g\u00fcvenli\u011fi, konforu ve \u015f\u0131kl\u0131\u011f\u0131 hayata ge\u00e7irmek i\u00e7in tasarlanm\u0131\u015ft\u0131r. MED sertifikal\u0131 yataklardan perdelere ve oturma \u00e7\u00f6z\u00fcmlerine kadar her \u00fcr\u00fcn, en zorlu deniz ortamlar\u0131nda dayanacak \u015fekilde \u00fcretilmi\u015ftir.          <\/div>\r\n                  <\/div>\r\n      <\/div>\r\n    \t\t\t\t<\/div>\n\t\t\t\t<\/div>\n\t\t\t\t<div class=\"elementor-element elementor-element-5c66f6f4 elementor-widget-divider--view-line elementor-widget elementor-widget-divider\" data-id=\"5c66f6f4\" data-element_type=\"widget\" data-e-type=\"widget\" data-widget_type=\"divider.default\">\n\t\t\t\t\t\t\t<div class=\"elementor-divider\">\n\t\t\t<span class=\"elementor-divider-separator\">\n\t\t\t\t\t\t<\/span>\n\t\t<\/div>\n\t\t\t\t\t\t<\/div>\n\t\t\t\t<div class=\"elementor-element elementor-element-46675f3 elementor-align-left elementor-widget elementor-widget-bdevs-about-logzee\" data-id=\"46675f3\" data-element_type=\"widget\" data-e-type=\"widget\" data-widget_type=\"bdevs-about-logzee.default\">\n\t\t\t\t<div class=\"elementor-widget-container\">\n\t\t\t\t\t    <main id=\"body-content\">\r\n                 \r\n        <section class=\"wide-tb-80\">\r\n          <div class=\"container pos-rel\">\r\n            <div class=\"row align-items-center\">\r\n\r\n              <div class=\"col-md-6 wow fadeInLeft\" data-wow-duration=\"0\" data-wow-delay=\"0s\">            \r\n                                <h2 class=\"mb-4 fw-7 txt-blue\">\r\n                  Marine  \r\n                  <span class=\"fw-6 txt-orange\"> Mobilya<\/span>\r\n                <\/h2>\r\n                                                <p>Deha Marine, gemi in\u015fa ve denizcilik sekt\u00f6rlerinin benzersiz ihtiya\u00e7lar\u0131n\u0131 kar\u015f\u0131lamak \u00fczere tasarlanm\u0131\u015f geni\u015f bir yelpazede, sertifikal\u0131 mobilya ve i\u00e7 mekan \u00fcr\u00fcnleri sunar. \u00dcr\u00fcnlerimiz, deniz ortamlar\u0131n\u0131n zorlu ko\u015fullar\u0131na dayanacak, kalite, g\u00fcvenlik ve konfor sa\u011flayacak \u015fekilde tasarlanm\u0131\u015ft\u0131r. Mobilya \u00e7\u00f6z\u00fcmlerimiz, yatlar, ticari gemiler, marina iskeleleri ve di\u011fer denizcilik projeleri gibi \u00e7e\u015fitli deniz yap\u0131lar\u0131nda kullan\u0131lmak \u00fczere geli\u015ftirilmi\u015ftir. \u00dcr\u00fcn yelpazemiz, denizcilik ortamlar\u0131nda en y\u00fcksek g\u00fcvenlik, dayan\u0131kl\u0131l\u0131k ve konfor standartlar\u0131n\u0131 kar\u015f\u0131lamak \u00fczere \u00fcretilmi\u015f konforlu yataklar, dayan\u0131kl\u0131 kanepeler, \u015f\u0131k perdeler ve g\u00fcne\u015flik sistemlerini i\u00e7ermektedir.\"<\/p>\r\n                              <\/div>\r\n\r\n                                <div class=\"col-md-6 wow fadeInRight\" data-wow-duration=\"0\" data-wow-delay=\"0s\">\r\n                    <img decoding=\"async\" src=\"https:\/\/www.dehamarine.com\/wp-content\/uploads\/2025\/09\/Furnishing-Foto-scaled.jpg\" alt=\"\">\r\n                <\/div>\r\n                \r\n            <\/div>\r\n            \r\n          <\/div>\r\n        <\/section>\r\n            \t\t\t\t<\/div>\n\t\t\t\t<\/div>\n\t\t\t\t<div class=\"elementor-element elementor-element-7bd264e elementor-widget-divider--view-line_icon elementor-view-default elementor-widget-divider--element-align-center elementor-widget elementor-widget-divider\" data-id=\"7bd264e\" data-element_type=\"widget\" data-e-type=\"widget\" data-widget_type=\"divider.default\">\n\t\t\t\t\t\t\t<div class=\"elementor-divider\">\n\t\t\t<span class=\"elementor-divider-separator\">\n\t\t\t\t\t\t\t<div class=\"elementor-icon elementor-divider__element\">\n\t\t\t\t\t<svg aria-hidden=\"true\" class=\"e-font-icon-svg e-fas-ship\" viewBox=\"0 0 640 512\" xmlns=\"http:\/\/www.w3.org\/2000\/svg\"><path d=\"M496.616 372.639l70.012-70.012c16.899-16.9 9.942-45.771-12.836-53.092L512 236.102V96c0-17.673-14.327-32-32-32h-64V24c0-13.255-10.745-24-24-24H248c-13.255 0-24 10.745-24 24v40h-64c-17.673 0-32 14.327-32 32v140.102l-41.792 13.433c-22.753 7.313-29.754 36.173-12.836 53.092l70.012 70.012C125.828 416.287 85.587 448 24 448c-13.255 0-24 10.745-24 24v16c0 13.255 10.745 24 24 24 61.023 0 107.499-20.61 143.258-59.396C181.677 487.432 216.021 512 256 512h128c39.979 0 74.323-24.568 88.742-59.396C508.495 491.384 554.968 512 616 512c13.255 0 24-10.745 24-24v-16c0-13.255-10.745-24-24-24-60.817 0-101.542-31.001-119.384-75.361zM192 128h256v87.531l-118.208-37.995a31.995 31.995 0 0 0-19.584 0L192 215.531V128z\"><\/path><\/svg><\/div>\n\t\t\t\t\t\t<\/span>\n\t\t<\/div>\n\t\t\t\t\t\t<\/div>\n\t\t\t\t\t<\/div>\n\t\t<\/div>\n\t\t\t\t\t<\/div>\n\t\t<\/section>\n\t\t<div class=\"elementor-element elementor-element-327ad34e e-flex e-con-boxed e-con e-parent\" data-id=\"327ad34e\" data-element_type=\"container\" data-e-type=\"container\">\n\t\t\t\t\t<div class=\"e-con-inner\">\n\t\t\t\t<div class=\"elementor-element elementor-element-1fd4cc3d elementor-widget__width-inherit elementor-widget elementor-widget-heading\" data-id=\"1fd4cc3d\" data-element_type=\"widget\" data-e-type=\"widget\" data-widget_type=\"heading.default\">\n\t\t\t\t\t<h1 class=\"elementor-heading-title elementor-size-default\">Yataklar<\/h1>\t\t\t\t<\/div>\n\t\t\t\t\t<\/div>\n\t\t\t\t<\/div>\n\t\t<div class=\"elementor-element elementor-element-59212613 e-grid e-con-boxed e-con e-parent\" data-id=\"59212613\" data-element_type=\"container\" data-e-type=\"container\">\n\t\t\t\t\t<div class=\"e-con-inner\">\n\t\t\t\t<div class=\"elementor-element elementor-element-120c301b elementor-widget elementor-widget-image\" data-id=\"120c301b\" data-element_type=\"widget\" data-e-type=\"widget\" data-widget_type=\"image.default\">\n\t\t\t\t\t\t\t\t\t\t\t\t<figure class=\"wp-caption\">\n\t\t\t\t\t\t\t\t\t\t\t<a href=\"https:\/\/www.dehamarine.com\/tr\/products\/marine-furnishing\/marine-mattress\/\">\n\t\t\t\t\t\t\t<img decoding=\"async\" width=\"150\" height=\"150\" src=\"https:\/\/www.dehamarine.com\/tr\/wp-content\/uploads\/2025\/08\/Artboard-21-150x150.png\" class=\"attachment-thumbnail size-thumbnail wp-image-1490\" alt=\"\" \/>\t\t\t\t\t\t\t\t<\/a>\n\t\t\t\t\t\t\t\t\t\t\t<figcaption class=\"widget-image-caption wp-caption-text\">Marine Yatak<\/figcaption>\n\t\t\t\t\t\t\t\t\t\t<\/figure>\n\t\t\t\t\t\t\t\t\t<\/div>\n\t\t\t\t<div class=\"elementor-element elementor-element-51762779 elementor-widget elementor-widget-image\" data-id=\"51762779\" data-element_type=\"widget\" data-e-type=\"widget\" data-widget_type=\"image.default\">\n\t\t\t\t\t\t\t\t\t\t\t\t<figure class=\"wp-caption\">\n\t\t\t\t\t\t\t\t\t\t\t<a href=\"https:\/\/www.dehamarine.com\/tr\/products\/marine-furnishing\/ocean-mattress-2\/\">\n\t\t\t\t\t\t\t<img decoding=\"async\" width=\"150\" height=\"150\" src=\"https:\/\/www.dehamarine.com\/tr\/wp-content\/uploads\/2025\/08\/Artboard-16-150x150.png\" class=\"attachment-thumbnail size-thumbnail wp-image-1508\" alt=\"\" \/>\t\t\t\t\t\t\t\t<\/a>\n\t\t\t\t\t\t\t\t\t\t\t<figcaption class=\"widget-image-caption wp-caption-text\">Ocean Yatak<\/figcaption>\n\t\t\t\t\t\t\t\t\t\t<\/figure>\n\t\t\t\t\t\t\t\t\t<\/div>\n\t\t\t\t<div class=\"elementor-element elementor-element-d348a32 elementor-widget elementor-widget-image\" data-id=\"d348a32\" data-element_type=\"widget\" data-e-type=\"widget\" data-widget_type=\"image.default\">\n\t\t\t\t\t\t\t\t\t\t\t\t<figure class=\"wp-caption\">\n\t\t\t\t\t\t\t\t\t\t\t<a href=\"https:\/\/www.dehamarine.com\/tr\/products\/marine-furnishing\/armada-mattress-2\/\">\n\t\t\t\t\t\t\t<img decoding=\"async\" width=\"150\" height=\"150\" src=\"https:\/\/www.dehamarine.com\/tr\/wp-content\/uploads\/2025\/08\/Artboard-18-150x150.png\" class=\"attachment-thumbnail size-thumbnail wp-image-1510\" alt=\"\" \/>\t\t\t\t\t\t\t\t<\/a>\n\t\t\t\t\t\t\t\t\t\t\t<figcaption class=\"widget-image-caption wp-caption-text\">Armada Yatak<\/figcaption>\n\t\t\t\t\t\t\t\t\t\t<\/figure>\n\t\t\t\t\t\t\t\t\t<\/div>\n\t\t\t\t<div class=\"elementor-element elementor-element-4dea228d elementor-widget elementor-widget-image\" data-id=\"4dea228d\" data-element_type=\"widget\" data-e-type=\"widget\" data-widget_type=\"image.default\">\n\t\t\t\t\t\t\t\t\t\t\t\t<figure class=\"wp-caption\">\n\t\t\t\t\t\t\t\t\t\t\t<a href=\"https:\/\/www.dehamarine.com\/tr\/products\/marine-furnishing\/yacht-mattress-2\/\">\n\t\t\t\t\t\t\t<img loading=\"lazy\" loading=\"lazy\" decoding=\"async\" width=\"150\" height=\"150\" src=\"https:\/\/www.dehamarine.com\/tr\/wp-content\/uploads\/2025\/08\/Artboard-23-150x150.png\" class=\"attachment-thumbnail size-thumbnail wp-image-1492\" alt=\"\" \/>\t\t\t\t\t\t\t\t<\/a>\n\t\t\t\t\t\t\t\t\t\t\t<figcaption class=\"widget-image-caption wp-caption-text\">Yacht Yatak<\/figcaption>\n\t\t\t\t\t\t\t\t\t\t<\/figure>\n\t\t\t\t\t\t\t\t\t<\/div>\n\t\t\t\t\t<\/div>\n\t\t\t\t<\/div>\n\t\t<div class=\"elementor-element elementor-element-2f2e7be3 e-flex e-con-boxed e-con e-parent\" data-id=\"2f2e7be3\" data-element_type=\"container\" data-e-type=\"container\">\n\t\t\t\t\t<div class=\"e-con-inner\">\n\t\t\t\t<div class=\"elementor-element elementor-element-12d5a35c elementor-widget__width-inherit elementor-widget elementor-widget-heading\" data-id=\"12d5a35c\" data-element_type=\"widget\" data-e-type=\"widget\" data-widget_type=\"heading.default\">\n\t\t\t\t\t<h1 class=\"elementor-heading-title elementor-size-default\">Perde<\/h1>\t\t\t\t<\/div>\n\t\t\t\t\t<\/div>\n\t\t\t\t<\/div>\n\t\t<div class=\"elementor-element elementor-element-4d78aa95 e-grid e-con-boxed e-con e-parent\" data-id=\"4d78aa95\" data-element_type=\"container\" data-e-type=\"container\">\n\t\t\t\t\t<div class=\"e-con-inner\">\n\t\t\t\t<div class=\"elementor-element elementor-element-2e462dc2 elementor-widget elementor-widget-image\" data-id=\"2e462dc2\" data-element_type=\"widget\" data-e-type=\"widget\" data-widget_type=\"image.default\">\n\t\t\t\t\t\t\t\t\t\t\t\t<figure class=\"wp-caption\">\n\t\t\t\t\t\t\t\t\t\t\t<a href=\"https:\/\/www.dehamarine.com\/tr\/products\/marine-furnishing\/soft-fabric-curtain\/\">\n\t\t\t\t\t\t\t<img loading=\"lazy\" loading=\"lazy\" decoding=\"async\" width=\"150\" height=\"150\" src=\"https:\/\/www.dehamarine.com\/tr\/wp-content\/uploads\/2025\/08\/Artboard-11-150x150.png\" class=\"attachment-thumbnail size-thumbnail wp-image-1503\" alt=\"\" \/>\t\t\t\t\t\t\t\t<\/a>\n\t\t\t\t\t\t\t\t\t\t\t<figcaption class=\"widget-image-caption wp-caption-text\">Soft Kuma\u015f Perde<\/figcaption>\n\t\t\t\t\t\t\t\t\t\t<\/figure>\n\t\t\t\t\t\t\t\t\t<\/div>\n\t\t\t\t<div class=\"elementor-element elementor-element-70faae2 elementor-widget elementor-widget-image\" data-id=\"70faae2\" data-element_type=\"widget\" data-e-type=\"widget\" data-widget_type=\"image.default\">\n\t\t\t\t\t\t\t\t\t\t\t\t<figure class=\"wp-caption\">\n\t\t\t\t\t\t\t\t\t\t\t<a href=\"https:\/\/www.dehamarine.com\/tr\/products\/marine-furnishing\/opaq-fabric-curtain\/\">\n\t\t\t\t\t\t\t<img loading=\"lazy\" loading=\"lazy\" decoding=\"async\" width=\"150\" height=\"150\" src=\"https:\/\/www.dehamarine.com\/tr\/wp-content\/uploads\/2025\/08\/Artboard-12-150x150.png\" class=\"attachment-thumbnail size-thumbnail wp-image-1504\" alt=\"\" \/>\t\t\t\t\t\t\t\t<\/a>\n\t\t\t\t\t\t\t\t\t\t\t<figcaption class=\"widget-image-caption wp-caption-text\">Opaque Kuma\u015f Perde.<\/figcaption>\n\t\t\t\t\t\t\t\t\t\t<\/figure>\n\t\t\t\t\t\t\t\t\t<\/div>\n\t\t\t\t<div class=\"elementor-element elementor-element-b9ae2b1 elementor-widget elementor-widget-image\" data-id=\"b9ae2b1\" data-element_type=\"widget\" data-e-type=\"widget\" data-widget_type=\"image.default\">\n\t\t\t\t\t\t\t\t\t\t\t\t<figure class=\"wp-caption\">\n\t\t\t\t\t\t\t\t\t\t\t<a href=\"https:\/\/www.dehamarine.com\/tr\/urunler\/marine-furnishing\/solar-shade-curtain\/\">\n\t\t\t\t\t\t\t<img loading=\"lazy\" loading=\"lazy\" decoding=\"async\" width=\"150\" height=\"150\" src=\"https:\/\/www.dehamarine.com\/tr\/wp-content\/uploads\/2025\/08\/Artboard-15-150x150.png\" class=\"attachment-thumbnail size-thumbnail wp-image-1507\" alt=\"\" \/>\t\t\t\t\t\t\t\t<\/a>\n\t\t\t\t\t\t\t\t\t\t\t<figcaption class=\"widget-image-caption wp-caption-text\">Solar Shade Perde<\/figcaption>\n\t\t\t\t\t\t\t\t\t\t<\/figure>\n\t\t\t\t\t\t\t\t\t<\/div>\n\t\t\t\t\t<\/div>\n\t\t\t\t<\/div>\n\t\t<div class=\"elementor-element elementor-element-405eeb4 e-flex e-con-boxed e-con e-parent\" data-id=\"405eeb4\" data-element_type=\"container\" data-e-type=\"container\">\n\t\t\t\t\t<div class=\"e-con-inner\">\n\t\t\t\t<div class=\"elementor-element elementor-element-114bb5e elementor-widget__width-inherit elementor-widget elementor-widget-heading\" data-id=\"114bb5e\" data-element_type=\"widget\" data-e-type=\"widget\" data-widget_type=\"heading.default\">\n\t\t\t\t\t<h1 class=\"elementor-heading-title elementor-size-default\">SOFA<\/h1>\t\t\t\t<\/div>\n\t\t\t\t\t<\/div>\n\t\t\t\t<\/div>\n\t\t<div class=\"elementor-element elementor-element-7733891 e-grid e-con-boxed e-con e-parent\" data-id=\"7733891\" data-element_type=\"container\" data-e-type=\"container\">\n\t\t\t\t\t<div class=\"e-con-inner\">\n\t\t\t\t<div class=\"elementor-element elementor-element-0bcfff0 elementor-widget elementor-widget-image\" data-id=\"0bcfff0\" data-element_type=\"widget\" data-e-type=\"widget\" data-widget_type=\"image.default\">\n\t\t\t\t\t\t\t\t\t\t\t\t<figure class=\"wp-caption\">\n\t\t\t\t\t\t\t\t\t\t\t<a href=\"https:\/\/www.dehamarine.com\/tr\/products\/marine-furnishing\/sofa-plus\/\">\n\t\t\t\t\t\t\t<img loading=\"lazy\" loading=\"lazy\" decoding=\"async\" width=\"150\" height=\"150\" src=\"https:\/\/www.dehamarine.com\/tr\/wp-content\/uploads\/2025\/08\/Artboard-9-150x150.png\" class=\"attachment-thumbnail size-thumbnail wp-image-1501\" alt=\"\" \/>\t\t\t\t\t\t\t\t<\/a>\n\t\t\t\t\t\t\t\t\t\t\t<figcaption class=\"widget-image-caption wp-caption-text\">Sofa Plus<\/figcaption>\n\t\t\t\t\t\t\t\t\t\t<\/figure>\n\t\t\t\t\t\t\t\t\t<\/div>\n\t\t\t\t\t<\/div>\n\t\t\t\t<\/div>\n\t\t<div class=\"elementor-element elementor-element-46bee223 e-flex e-con-boxed e-con e-parent\" data-id=\"46bee223\" data-element_type=\"container\" data-e-type=\"container\">\n\t\t\t\t\t<div class=\"e-con-inner\">\n\t\t\t\t<div class=\"elementor-element elementor-element-791666f1 elementor-widget-divider--view-line_icon elementor-view-default elementor-widget-divider--element-align-center elementor-widget elementor-widget-divider\" data-id=\"791666f1\" data-element_type=\"widget\" data-e-type=\"widget\" data-widget_type=\"divider.default\">\n\t\t\t\t\t\t\t<div class=\"elementor-divider\">\n\t\t\t<span class=\"elementor-divider-separator\">\n\t\t\t\t\t\t\t<div class=\"elementor-icon elementor-divider__element\">\n\t\t\t\t\t<svg aria-hidden=\"true\" class=\"e-font-icon-svg e-fas-ship\" viewBox=\"0 0 640 512\" xmlns=\"http:\/\/www.w3.org\/2000\/svg\"><path d=\"M496.616 372.639l70.012-70.012c16.899-16.9 9.942-45.771-12.836-53.092L512 236.102V96c0-17.673-14.327-32-32-32h-64V24c0-13.255-10.745-24-24-24H248c-13.255 0-24 10.745-24 24v40h-64c-17.673 0-32 14.327-32 32v140.102l-41.792 13.433c-22.753 7.313-29.754 36.173-12.836 53.092l70.012 70.012C125.828 416.287 85.587 448 24 448c-13.255 0-24 10.745-24 24v16c0 13.255 10.745 24 24 24 61.023 0 107.499-20.61 143.258-59.396C181.677 487.432 216.021 512 256 512h128c39.979 0 74.323-24.568 88.742-59.396C508.495 491.384 554.968 512 616 512c13.255 0 24-10.745 24-24v-16c0-13.255-10.745-24-24-24-60.817 0-101.542-31.001-119.384-75.361zM192 128h256v87.531l-118.208-37.995a31.995 31.995 0 0 0-19.584 0L192 215.531V128z\"><\/path><\/svg><\/div>\n\t\t\t\t\t\t<\/span>\n\t\t<\/div>\n\t\t\t\t\t\t<\/div>\n\t\t\t\t\t<\/div>\n\t\t\t\t<\/div>\n\t\t\t\t<\/div>\n\t\t","protected":false},"excerpt":{"rendered":"<p>Sayfa \u00dcr\u00fcnler MARINE MOB\u0130LYA Deha Marine&#8217;in d\u00f6\u015feme \u00fcr\u00fcn yelpazesi, denizde g\u00fcvenli\u011fi, konforu ve \u015f\u0131kl\u0131\u011f\u0131 hayata ge\u00e7irmek i\u00e7in tasarlanm\u0131\u015ft\u0131r. MED sertifikal\u0131 yataklardan perdelere ve oturma \u00e7\u00f6z\u00fcmlerine kadar her \u00fcr\u00fcn, en zorlu deniz ortamlar\u0131nda dayanacak \u015fekilde \u00fcretilmi\u015ftir. Marine Mobilya Deha Marine, gemi in\u015fa ve denizcilik sekt\u00f6rlerinin benzersiz ihtiya\u00e7lar\u0131n\u0131 kar\u015f\u0131lamak \u00fczere tasarlanm\u0131\u015f geni\u015f bir yelpazede, sertifikal\u0131 mobilya ve [&hellip;]<\/p>\n","protected":false},"author":1,"featured_media":0,"parent":676,"menu_order":2,"comment_status":"closed","ping_status":"closed","template":"page-templates\/home-4.php","meta":{"inline_featured_image":false,"footnotes":""},"class_list":["post-1367","page","type-page","status-publish","hentry"],"aioseo_notices":[],"_links":{"self":[{"href":"https:\/\/www.dehamarine.com\/tr\/wp-json\/wp\/v2\/pages\/1367","targetHints":{"allow":["GET"]}}],"collection":[{"href":"https:\/\/www.dehamarine.com\/tr\/wp-json\/wp\/v2\/pages"}],"about":[{"href":"https:\/\/www.dehamarine.com\/tr\/wp-json\/wp\/v2\/types\/page"}],"author":[{"embeddable":true,"href":"https:\/\/www.dehamarine.com\/tr\/wp-json\/wp\/v2\/users\/1"}],"replies":[{"embeddable":true,"href":"https:\/\/www.dehamarine.com\/tr\/wp-json\/wp\/v2\/comments?post=1367"}],"version-history":[{"count":28,"href":"https:\/\/www.dehamarine.com\/tr\/wp-json\/wp\/v2\/pages\/1367\/revisions"}],"predecessor-version":[{"id":2373,"href":"https:\/\/www.dehamarine.com\/tr\/wp-json\/wp\/v2\/pages\/1367\/revisions\/2373"}],"up":[{"embeddable":true,"href":"https:\/\/www.dehamarine.com\/tr\/wp-json\/wp\/v2\/pages\/676"}],"wp:attachment":[{"href":"https:\/\/www.dehamarine.com\/tr\/wp-json\/wp\/v2\/media?parent=1367"}],"curies":[{"name":"wp","href":"https:\/\/api.w.org\/{rel}","templated":true}]}}